{"id":29471,"date":"2026-04-16T11:01:15","date_gmt":"2026-04-16T11:01:15","guid":{"rendered":"https:\/\/hoteleschips.com\/ferrol\/?page_id=29471"},"modified":"2026-04-17T10:43:29","modified_gmt":"2026-04-17T10:43:29","slug":"privacy-policy","status":"publish","type":"page","link":"https:\/\/hoteleschips.com\/ferrol\/privacy-policy\/","title":{"rendered":"Privacy Policy"},"content":{"rendered":"\t\t<div data-elementor-type=\"wp-page\" data-elementor-id=\"29471\" class=\"elementor elementor-29471\" data-elementor-post-type=\"page\">\n\t\t\t\t<div class=\"wd-negative-gap elementor-element elementor-element-68c5a69d wd-section-stretch e-flex e-con-boxed e-con e-parent\" data-id=\"68c5a69d\" data-element_type=\"container\" data-e-type=\"container\" data-settings=\"{&quot;background_background&quot;:&quot;classic&quot;}\">\n\t\t\t\t\t<div class=\"e-con-inner\">\n\t\t\t\t<div class=\"elementor-element elementor-element-9347e18 elementor-widget elementor-widget-heading\" data-id=\"9347e18\" data-element_type=\"widget\" data-e-type=\"widget\" data-widget_type=\"heading.default\">\n\t\t\t\t\t<h1 class=\"elementor-heading-title elementor-size-default\">Pol\u00edtica De Privacidad<\/h1>\t\t\t\t<\/div>\n\t\t\t\t\t<\/div>\n\t\t\t\t<\/div>\n\t\t<div class=\"wd-negative-gap elementor-element elementor-element-1bcdc14 e-flex e-con-boxed e-con e-parent\" data-id=\"1bcdc14\" data-element_type=\"container\" data-e-type=\"container\">\n\t\t\t\t\t<div class=\"e-con-inner\">\n\t\t\t\t<div class=\"elementor-element elementor-element-3b53d63 color-scheme-inherit text-left elementor-widget elementor-widget-text-editor\" data-id=\"3b53d63\" data-element_type=\"widget\" data-e-type=\"widget\" data-widget_type=\"text-editor.default\">\n\t\t\t\t\t\t\t\t\t<h1 style=\"color: #000000;\">Pol\u00edtica De Privacidad<\/h1><p>Hotel Chips Ferrol se compromete a proteger sus datos personales y respetar su privacidad. Esta pol\u00edtica de privacidad explica c\u00f3mo recopilamos, utilizamos y protegemos su informaci\u00f3n cuando interact\u00faa con nuestro sitio web o se pone en contacto con nosotros para realizar reservas.<\/p><h2 style=\"color: #000000;\">Informaci\u00f3n Que Recopilamos<\/h2><p>Podemos recopilar informaci\u00f3n personal b\u00e1sica como su nombre, direcci\u00f3n de correo electr\u00f3nico, n\u00famero de tel\u00e9fono y detalles de la reserva. Esta informaci\u00f3n es necesaria para gestionar reservas, responder consultas y ofrecer atenci\u00f3n al cliente.<\/p><h2 style=\"color: #000000;\">C\u00f3mo Utilizamos Su Informaci\u00f3n<\/h2><p>Su informaci\u00f3n se utiliza para gestionar reservas, responder consultas y garantizar una experiencia fluida y eficiente durante su estancia.<\/p><h2 style=\"color: #000000;\">Protecci\u00f3n De Datos<\/h2><p>Adoptamos las medidas de seguridad adecuadas para proteger sus datos personales frente a accesos no autorizados, p\u00e9rdida o uso indebido.<\/p><h2 style=\"color: #000000;\">Servicios De Terceros<\/h2><p>Podemos utilizar servicios de terceros, como plataformas de reserva, para procesar las reservas. Estas plataformas cuentan con sus propias pol\u00edticas de privacidad.<\/p><h2 style=\"color: #000000;\">Sus Derechos<\/h2><p>Usted tiene derecho a acceder, actualizar o solicitar la eliminaci\u00f3n de sus datos personales en cualquier momento poni\u00e9ndose en contacto con nosotros.<\/p><h2 style=\"color: #000000;\">Informaci\u00f3n De Contacto<\/h2><p><a href=\"mailto:reservas@hoteleschips.com\">Correo Electr\u00f3nico: reservas@hoteleschips.com<\/a><br \/><a href=\"tel:+34665115621\"><strong>Tel: <\/strong> +34 665 11 56 21<\/a><br \/><a href=\"https:\/\/wa.me\/34665115621\" target=\"_blank\" rel=\"noopener\">WhatsApp: +34 665 11 56 21<\/a><\/p>\t\t\t\t\t\t\t\t<\/div>\n\t\t\t\t\t<\/div>\n\t\t\t\t<\/div>\n\t\t\t\t<\/div>\n\t\t","protected":false},"excerpt":{"rendered":"<p>Pol\u00edtica De Privacidad Pol\u00edtica De Privacidad Hotel Chips Ferrol se compromete a proteger sus datos personales y respetar su privacidad.<\/p>\n","protected":false},"author":1,"featured_media":0,"parent":0,"menu_order":11,"comment_status":"closed","ping_status":"closed","template":"","meta":{"footnotes":""},"class_list":["post-29471","page","type-page","status-publish","hentry"],"_links":{"self":[{"href":"https:\/\/hoteleschips.com\/ferrol\/wp-json\/wp\/v2\/pages\/29471","targetHints":{"allow":["GET"]}}],"collection":[{"href":"https:\/\/hoteleschips.com\/ferrol\/wp-json\/wp\/v2\/pages"}],"about":[{"href":"https:\/\/hoteleschips.com\/ferrol\/wp-json\/wp\/v2\/types\/page"}],"author":[{"embeddable":true,"href":"https:\/\/hoteleschips.com\/ferrol\/wp-json\/wp\/v2\/users\/1"}],"replies":[{"embeddable":true,"href":"https:\/\/hoteleschips.com\/ferrol\/wp-json\/wp\/v2\/comments?post=29471"}],"version-history":[{"count":28,"href":"https:\/\/hoteleschips.com\/ferrol\/wp-json\/wp\/v2\/pages\/29471\/revisions"}],"predecessor-version":[{"id":29899,"href":"https:\/\/hoteleschips.com\/ferrol\/wp-json\/wp\/v2\/pages\/29471\/revisions\/29899"}],"wp:attachment":[{"href":"https:\/\/hoteleschips.com\/ferrol\/wp-json\/wp\/v2\/media?parent=29471"}],"curies":[{"name":"wp","href":"https:\/\/api.w.org\/{rel}","templated":true}]}}