{"id":29503,"date":"2026-04-16T11:06:00","date_gmt":"2026-04-16T11:06:00","guid":{"rendered":"https:\/\/hoteleschips.com\/ferrol\/?page_id=29503"},"modified":"2026-04-17T10:46:58","modified_gmt":"2026-04-17T10:46:58","slug":"terms-conditions","status":"publish","type":"page","link":"https:\/\/hoteleschips.com\/ferrol\/terms-conditions\/","title":{"rendered":"Terms &#038; Conditions"},"content":{"rendered":"\t\t<div data-elementor-type=\"wp-page\" data-elementor-id=\"29503\" class=\"elementor elementor-29503\" data-elementor-post-type=\"page\">\n\t\t\t\t<div class=\"wd-negative-gap elementor-element elementor-element-68c5a69d wd-section-stretch e-flex e-con-boxed e-con e-parent\" data-id=\"68c5a69d\" data-element_type=\"container\" data-e-type=\"container\" data-settings=\"{&quot;background_background&quot;:&quot;classic&quot;}\">\n\t\t\t\t\t<div class=\"e-con-inner\">\n\t\t\t\t<div class=\"elementor-element elementor-element-9347e18 elementor-widget elementor-widget-heading\" data-id=\"9347e18\" data-element_type=\"widget\" data-e-type=\"widget\" data-widget_type=\"heading.default\">\n\t\t\t\t\t<h1 class=\"elementor-heading-title elementor-size-default\">T\u00e9rminos Y Condiciones<\/h1>\t\t\t\t<\/div>\n\t\t\t\t\t<\/div>\n\t\t\t\t<\/div>\n\t\t<div class=\"wd-negative-gap elementor-element elementor-element-1bcdc14 e-flex e-con-boxed e-con e-parent\" data-id=\"1bcdc14\" data-element_type=\"container\" data-e-type=\"container\">\n\t\t\t\t\t<div class=\"e-con-inner\">\n\t\t\t\t<div class=\"elementor-element elementor-element-3b53d63 color-scheme-inherit text-left elementor-widget elementor-widget-text-editor\" data-id=\"3b53d63\" data-element_type=\"widget\" data-e-type=\"widget\" data-widget_type=\"text-editor.default\">\n\t\t\t\t\t\t\t\t\t<h1 style=\"color: #000000;\">T\u00e9rminos Y Condiciones<\/h1><p>Estos t\u00e9rminos y condiciones regulan el uso del sitio web y los servicios de Hotel Chips Ferrol. Al acceder a nuestro sitio web o realizar una reserva, usted acepta estos t\u00e9rminos.<\/p><h2 style=\"color: #000000;\">Reservas<\/h2><p>Todas las reservas est\u00e1n sujetas a disponibilidad y deben ser confirmadas. Los clientes son responsables de proporcionar informaci\u00f3n de reserva precisa.<\/p><h2 style=\"color: #000000;\">Precios<\/h2><p>Los precios pueden variar seg\u00fan las fechas, la disponibilidad y el tipo de habitaci\u00f3n. El precio final se confirma en el momento de la reserva.<\/p><h2 style=\"color: #000000;\">Check-in &amp; Check-out<\/h2><p>Los clientes deben seguir las pol\u00edticas de entrada y salida del hotel. Por favor, contacte con el hotel para conocer los horarios espec\u00edficos.<\/p><h2 style=\"color: #000000;\">Pol\u00edtica De Cancelaci\u00f3n<\/h2><p>Las pol\u00edticas de cancelaci\u00f3n pueden variar seg\u00fan las condiciones de la reserva. Se recomienda revisar los t\u00e9rminos en el momento de la reserva.<\/p><h2 style=\"color: #000000;\">Responsabilidades De Los Clientes<\/h2><p>Se espera que los clientes respeten las instalaciones del hotel y mantengan un comportamiento adecuado durante su estancia.<\/p><h2 style=\"color: #000000;\">Responsabilidad<\/h2><p>El hotel no se hace responsable de la p\u00e9rdida, robo o da\u00f1o de pertenencias personales durante la estancia.<\/p><h2 style=\"color: #000000;\">Informaci\u00f3n De Contacto<\/h2><p><a href=\"mailto:reservas@hoteleschips.com\">Correo Electr\u00f3nico: reservas@hoteleschips.com<\/a><br \/><a href=\"tel:+34665115621\"><strong>Tel: <\/strong> +34 665 11 56 21<\/a><br \/><a href=\"https:\/\/wa.me\/34665115621\" target=\"_blank\" rel=\"noopener\">WhatsApp: +34 665 11 56 21<\/a><\/p>\t\t\t\t\t\t\t\t<\/div>\n\t\t\t\t\t<\/div>\n\t\t\t\t<\/div>\n\t\t\t\t<\/div>\n\t\t","protected":false},"excerpt":{"rendered":"<p>T\u00e9rminos Y Condiciones T\u00e9rminos Y Condiciones Estos t\u00e9rminos y condiciones regulan el uso del sitio web y los servicios de<\/p>\n","protected":false},"author":1,"featured_media":0,"parent":0,"menu_order":12,"comment_status":"closed","ping_status":"closed","template":"","meta":{"footnotes":""},"class_list":["post-29503","page","type-page","status-publish","hentry"],"_links":{"self":[{"href":"https:\/\/hoteleschips.com\/ferrol\/wp-json\/wp\/v2\/pages\/29503","targetHints":{"allow":["GET"]}}],"collection":[{"href":"https:\/\/hoteleschips.com\/ferrol\/wp-json\/wp\/v2\/pages"}],"about":[{"href":"https:\/\/hoteleschips.com\/ferrol\/wp-json\/wp\/v2\/types\/page"}],"author":[{"embeddable":true,"href":"https:\/\/hoteleschips.com\/ferrol\/wp-json\/wp\/v2\/users\/1"}],"replies":[{"embeddable":true,"href":"https:\/\/hoteleschips.com\/ferrol\/wp-json\/wp\/v2\/comments?post=29503"}],"version-history":[{"count":13,"href":"https:\/\/hoteleschips.com\/ferrol\/wp-json\/wp\/v2\/pages\/29503\/revisions"}],"predecessor-version":[{"id":29909,"href":"https:\/\/hoteleschips.com\/ferrol\/wp-json\/wp\/v2\/pages\/29503\/revisions\/29909"}],"wp:attachment":[{"href":"https:\/\/hoteleschips.com\/ferrol\/wp-json\/wp\/v2\/media?parent=29503"}],"curies":[{"name":"wp","href":"https:\/\/api.w.org\/{rel}","templated":true}]}}